{"id":12,"date":"2022-01-17T17:33:14","date_gmt":"2022-01-17T17:33:14","guid":{"rendered":"http:\/\/theidasworld.com\/kkv\/?page_id=12"},"modified":"2026-03-02T20:48:05","modified_gmt":"2026-03-02T20:48:05","slug":"takmicenja","status":"publish","type":"page","link":"https:\/\/klizackiklubvojvodina.rs\/index.php\/takmicenja\/","title":{"rendered":"Takmi\u010denja"},"content":{"rendered":"\n<p>Kliza\u010dki klub Vojvodina ve\u0107 godinama je organizator takmi\u010denja u umetni\u010dkom klizanju od kojih su neka ve\u0107 tradicionalna kao npr. NOVI SAD NA LEDU i OTVORENO PRVENSTVO VOJVODINE U UMETNI\u010cKOM KLIZANJU.<\/p>\n\n\n\n<ul class=\"wp-block-list\">\n<li><strong><a href=\"https:\/\/klizackiklubvojvodina.rs\/wp-content\/uploads\/2026\/02\/KUP-VOJVODINA-2026.-POZIV.docx\" data-type=\"attachment\" data-id=\"369\">KUP VOJVODINE 2026. [poziv]<\/a> <a href=\"https:\/\/klizackiklubvojvodina.rs\/wp-content\/uploads\/2026\/02\/KUP-VOJVODINE-2026-PPC.docx\" data-type=\"attachment\" data-id=\"368\">[program]<\/a><\/strong> <strong><a href=\"https:\/\/klizackiklubvojvodina.rs\/wp-content\/uploads\/2026\/02\/Raspored-KV-2026-R.pdf\" data-type=\"attachment\" data-id=\"374\">[raspored]<\/a><\/strong> <strong><a href=\"\/takmicenja\/KV26%202\/index.htm\" data-type=\"link\" data-id=\"\/takmicenja\/KV26%202\/index.htm\">[rezultati]<\/a><\/strong><\/li>\n<\/ul>\n\n\n\n<ul class=\"wp-block-list\">\n<li><strong><a href=\"https:\/\/klizackiklubvojvodina.rs\/wp-content\/uploads\/2025\/11\/Novi_Sad_Na_Ledu_2025_Poziv.pdf\">NOVI SAD NA LEDU 2025. [poziv]<\/a><\/strong> <strong><a href=\"https:\/\/klizackiklubvojvodina.rs\/wp-content\/uploads\/2025\/11\/Novi_Sad_Na_Ledu_2025_Poziv.pdf\">[<\/a><a href=\"https:\/\/klizackiklubvojvodina.rs\/wp-content\/uploads\/2025\/11\/Novi_Sad_Na_Ledu_2025_Program.pdf\">program<\/a><a href=\"https:\/\/klizackiklubvojvodina.rs\/wp-content\/uploads\/2025\/11\/Novi_Sad_Na_Ledu_2025_Poziv.pdf\">]<\/a><\/strong> <strong><a href=\"https:\/\/klizackiklubvojvodina.rs\/wp-content\/uploads\/2025\/12\/2025-12-16-NS-Raspored-takmicenja.pdf\" data-type=\"attachment\" data-id=\"356\">[raspored]<\/a> <a href=\"https:\/\/klizackiklubvojvodina.rs\/wp-content\/uploads\/2025\/12\/Startne-liste-1.pdf\" data-type=\"attachment\" data-id=\"357\">[startna lista 1]<\/a> <a href=\"https:\/\/klizackiklubvojvodina.rs\/wp-content\/uploads\/2025\/12\/Startne-liste-2.pdf\" data-type=\"attachment\" data-id=\"358\">[startna lista 2]<\/a><\/strong> <strong><a href=\"https:\/\/klizackiklubvojvodina.rs\/takmicenja\/NS2025F\/\">[rezultati]<\/a><\/strong><\/li>\n<\/ul>\n\n\n\n<ul class=\"wp-block-list\">\n<li><a href=\"https:\/\/klizackiklubvojvodina.rs\/wp-content\/uploads\/2024\/11\/Novi-Sad-na-ledu-2024.-POZIV.pdf\"><strong>NOVI SAD NA LEDU 2024. [poziv]<\/strong><\/a> <strong>[<a href=\"https:\/\/klizackiklubvojvodina.rs\/takmicenja\/NSNL2024d2\/\">rezultati<\/a>]<\/strong><\/li>\n<\/ul>\n\n\n\n<ul class=\"wp-block-list\">\n<li><a href=\"https:\/\/klizackiklubvojvodina.rs\/takmicenja\/KV2024\/\">KUP VOJVODINE 2024. (9. i 10. mart)<\/a> &#8211; [<a href=\"https:\/\/klizackiklubvojvodina.rs\/wp-content\/uploads\/2024\/03\/Kup-Vojvodine-2024-raspored-posle-zreba.pdf\" target=\"_blank\" rel=\"noreferrer noopener\">Time Schedule (pdf)]<\/a> [<a href=\"https:\/\/klizackiklubvojvodina.rs\/takmicenja\/KV2024\/\">rezultati<\/a>]<\/li>\n\n\n\n<li><a href=\"https:\/\/klizackiklubvojvodina.rs\/wp-content\/uploads\/2022\/02\/kup_vojvodine_2022.pdf\" target=\"_blank\" rel=\"noreferrer noopener\">KUP VOJVODINE 2022.<\/a><\/li>\n\n\n\n<li><a href=\"https:\/\/klizackiklubvojvodina.rs\/wp-content\/uploads\/2022\/01\/Novi-Sad-na-ledu-2021.pdf\">NOVI SAD NA LEDU 2021.<\/a><\/li>\n<\/ul>\n\n\n\n<figure class=\"wp-block-image aligncenter size-full\"><img loading=\"lazy\" decoding=\"async\" width=\"127\" height=\"127\" src=\"https:\/\/klizackiklubvojvodina.rs\/wp-content\/uploads\/2024\/03\/Screenshot-2024-03-05-184940.png\" alt=\"\" class=\"wp-image-303\"\/><\/figure>\n\n\n\n<p><\/p>\n","protected":false},"excerpt":{"rendered":"<p>Kliza\u010dki klub Vojvodina ve\u0107 godinama je organizator takmi\u010denja u umetni\u010dkom klizanju od kojih su neka ve\u0107 tradicionalna kao npr. NOVI&hellip;<\/p>\n","protected":false},"author":1,"featured_media":176,"parent":0,"menu_order":5,"comment_status":"closed","ping_status":"closed","template":"","meta":{"footnotes":""},"class_list":["post-12","page","type-page","status-publish","has-post-thumbnail","hentry"],"_links":{"self":[{"href":"https:\/\/klizackiklubvojvodina.rs\/index.php\/wp-json\/wp\/v2\/pages\/12","targetHints":{"allow":["GET"]}}],"collection":[{"href":"https:\/\/klizackiklubvojvodina.rs\/index.php\/wp-json\/wp\/v2\/pages"}],"about":[{"href":"https:\/\/klizackiklubvojvodina.rs\/index.php\/wp-json\/wp\/v2\/types\/page"}],"author":[{"embeddable":true,"href":"https:\/\/klizackiklubvojvodina.rs\/index.php\/wp-json\/wp\/v2\/users\/1"}],"replies":[{"embeddable":true,"href":"https:\/\/klizackiklubvojvodina.rs\/index.php\/wp-json\/wp\/v2\/comments?post=12"}],"version-history":[{"count":32,"href":"https:\/\/klizackiklubvojvodina.rs\/index.php\/wp-json\/wp\/v2\/pages\/12\/revisions"}],"predecessor-version":[{"id":378,"href":"https:\/\/klizackiklubvojvodina.rs\/index.php\/wp-json\/wp\/v2\/pages\/12\/revisions\/378"}],"wp:featuredmedia":[{"embeddable":true,"href":"https:\/\/klizackiklubvojvodina.rs\/index.php\/wp-json\/wp\/v2\/media\/176"}],"wp:attachment":[{"href":"https:\/\/klizackiklubvojvodina.rs\/index.php\/wp-json\/wp\/v2\/media?parent=12"}],"curies":[{"name":"wp","href":"https:\/\/api.w.org\/{rel}","templated":true}]}}