{"id":66,"date":"2022-01-21T21:50:13","date_gmt":"2022-01-21T21:50:13","guid":{"rendered":"https:\/\/klizackiklubvojvodina.rs\/?page_id=66"},"modified":"2022-07-17T20:40:01","modified_gmt":"2022-07-17T20:40:01","slug":"skola-klizanja-i-umetnickog-klizanja","status":"publish","type":"page","link":"https:\/\/klizackiklubvojvodina.rs\/index.php\/programi\/skola-klizanja-i-umetnickog-klizanja\/","title":{"rendered":"\u0160KOLA KLIZANJA I UMETNI\u010cKOG KLIZANJA"},"content":{"rendered":"\n<p>\u201e<strong>\u0160KOLA KLIZANJA I UMETNI\u010cKOG KLIZANJA<\/strong>\u201c se ve\u0107 godinama organizuje u ledenoj hali JP SPC Vojvodina, Sutjeska 2, Novi Sad.<\/p>\n\n\n\n<p><strong>TERMINI:<\/strong>&nbsp;&nbsp;&nbsp;&nbsp;&nbsp; Utorak&nbsp;&nbsp;&nbsp;&nbsp;&nbsp;&nbsp;&nbsp;&nbsp;&nbsp;&nbsp; 16.45 \u2013 17.45<\/p>\n\n\n\n<p>&nbsp;&nbsp;&nbsp;&nbsp;&nbsp;&nbsp;&nbsp;&nbsp;&nbsp;&nbsp;&nbsp;&nbsp;&nbsp;&nbsp; &nbsp;&nbsp;&nbsp;&nbsp;&nbsp;&nbsp;\u010cetvrtak&nbsp;&nbsp;&nbsp;&nbsp;&nbsp;&nbsp;&nbsp;&nbsp;&nbsp; 16.45 \u2013 17.45<\/p>\n\n\n\n<p>&nbsp;&nbsp;&nbsp;&nbsp;&nbsp;&nbsp;&nbsp;&nbsp;&nbsp;&nbsp;&nbsp;&nbsp;&nbsp;&nbsp;&nbsp;&nbsp;&nbsp;&nbsp;&nbsp;&nbsp;&nbsp;Subota&nbsp;&nbsp;&nbsp;&nbsp;&nbsp;&nbsp;&nbsp;&nbsp;&nbsp;&nbsp;&nbsp;&nbsp; 08.45 -09.45<\/p>\n\n\n\n<p><strong>FOND \u010cASOVA:<\/strong>&nbsp; 8 \u010dasova                                 <\/p>\n\n\n\n<p><strong>UZRASNE KATEGORIJE<\/strong>: 5 &#8211; &#8230;&#8230; godina<\/p>\n\n\n\n<p><strong>NIVO ZNANJA:&nbsp; <\/strong>&nbsp;a) po\u010detni \u2013 nekliza\u010di<\/p>\n\n\n\n<p>&nbsp;&nbsp;&nbsp;&nbsp;&nbsp;&nbsp;&nbsp;&nbsp;&nbsp;&nbsp;&nbsp;&nbsp;&nbsp;&nbsp;&nbsp;&nbsp;&nbsp;&nbsp;&nbsp;&nbsp;&nbsp;&nbsp;&nbsp;&nbsp;&nbsp;&nbsp;&nbsp; b) srednji \u2013 kliza\u010di<\/p>\n\n\n\n<p>&nbsp;&nbsp;&nbsp;&nbsp;&nbsp;&nbsp;&nbsp;&nbsp;&nbsp;&nbsp;&nbsp;&nbsp;&nbsp;&nbsp;&nbsp;&nbsp;&nbsp;&nbsp;&nbsp;&nbsp;&nbsp;&nbsp;&nbsp;&nbsp;&nbsp;&nbsp;&nbsp;&nbsp;c) napredni \u2013 dobri kliza\u010di<\/p>\n\n\n\n<p><strong>PROGRAM RADA:<\/strong><\/p>\n\n\n\n<ul class=\"wp-block-list\"><li>Program rada za po\u010detni nivo ili nekliza\u010de se zasniva na obuci osnovnog kliza\u010dkog koraka, zaustavljanja, ustajanja posle pada kao i niza predve\u017ebi za plavilno klizanje<\/li><li>Program rada za srednji nivo ili kliza\u010de se bazira na usavr\u0161avanju pravilnog klizanja, uvo\u0111enju novih na\u010dina zaustavljanja, promenama pravca kretanja raznim okretima, klizanje u nazad, kori\u0161\u0107enje unutra\u0161nje i spolja\u0161nje ivice, itd.<\/li><li>Program rada za napredni nivo klizanja ima za cilj da dobre kliza\u010de nau\u010di slo\u017eenijim kliza\u010dkim elementima kao npr.venac napred i nazad, lukovi spolja\u0161nji i unutra\u0161nji, okreti na obe noge (pirueta), valcer korak, trojke, tulup korak.<\/li><\/ul>\n\n\n\n<figure class=\"wp-block-gallery has-nested-images columns-3 is-cropped wp-block-gallery-1 is-layout-flex wp-block-gallery-is-layout-flex\">\n<figure class=\"wp-block-image size-large\"><a href=\"https:\/\/klizackiklubvojvodina.rs\/wp-content\/uploads\/2022\/07\/Skola-klizanja-9.jpg\"><img loading=\"lazy\" decoding=\"async\" width=\"1024\" height=\"1024\" data-id=\"240\" src=\"https:\/\/klizackiklubvojvodina.rs\/wp-content\/uploads\/2022\/07\/Skola-klizanja-9-1024x1024.jpg\" alt=\"\" class=\"wp-image-240\" srcset=\"https:\/\/klizackiklubvojvodina.rs\/wp-content\/uploads\/2022\/07\/Skola-klizanja-9-1024x1024.jpg 1024w, https:\/\/klizackiklubvojvodina.rs\/wp-content\/uploads\/2022\/07\/Skola-klizanja-9-300x300.jpg 300w, https:\/\/klizackiklubvojvodina.rs\/wp-content\/uploads\/2022\/07\/Skola-klizanja-9-150x150.jpg 150w, https:\/\/klizackiklubvojvodina.rs\/wp-content\/uploads\/2022\/07\/Skola-klizanja-9-768x768.jpg 768w\" sizes=\"auto, (max-width: 1024px) 100vw, 1024px\" \/><\/a><\/figure>\n\n\n\n<figure class=\"wp-block-image size-large\"><a href=\"https:\/\/klizackiklubvojvodina.rs\/wp-content\/uploads\/2022\/07\/Skola-klizanja-10.jpg\"><img loading=\"lazy\" decoding=\"async\" width=\"1024\" height=\"1024\" data-id=\"249\" src=\"https:\/\/klizackiklubvojvodina.rs\/wp-content\/uploads\/2022\/07\/Skola-klizanja-10-1024x1024.jpg\" alt=\"\" class=\"wp-image-249\" srcset=\"https:\/\/klizackiklubvojvodina.rs\/wp-content\/uploads\/2022\/07\/Skola-klizanja-10-1024x1024.jpg 1024w, https:\/\/klizackiklubvojvodina.rs\/wp-content\/uploads\/2022\/07\/Skola-klizanja-10-300x300.jpg 300w, https:\/\/klizackiklubvojvodina.rs\/wp-content\/uploads\/2022\/07\/Skola-klizanja-10-150x150.jpg 150w, https:\/\/klizackiklubvojvodina.rs\/wp-content\/uploads\/2022\/07\/Skola-klizanja-10-768x768.jpg 768w\" sizes=\"auto, (max-width: 1024px) 100vw, 1024px\" \/><\/a><\/figure>\n\n\n\n<figure class=\"wp-block-image size-large\"><a href=\"https:\/\/klizackiklubvojvodina.rs\/wp-content\/uploads\/2022\/07\/Skola-klizanja-11.jpg\"><img loading=\"lazy\" decoding=\"async\" width=\"1024\" height=\"1024\" data-id=\"244\" src=\"https:\/\/klizackiklubvojvodina.rs\/wp-content\/uploads\/2022\/07\/Skola-klizanja-11-1024x1024.jpg\" alt=\"\" class=\"wp-image-244\" srcset=\"https:\/\/klizackiklubvojvodina.rs\/wp-content\/uploads\/2022\/07\/Skola-klizanja-11-1024x1024.jpg 1024w, https:\/\/klizackiklubvojvodina.rs\/wp-content\/uploads\/2022\/07\/Skola-klizanja-11-300x300.jpg 300w, https:\/\/klizackiklubvojvodina.rs\/wp-content\/uploads\/2022\/07\/Skola-klizanja-11-150x150.jpg 150w, https:\/\/klizackiklubvojvodina.rs\/wp-content\/uploads\/2022\/07\/Skola-klizanja-11-768x768.jpg 768w\" sizes=\"auto, (max-width: 1024px) 100vw, 1024px\" \/><\/a><\/figure>\n\n\n\n<figure class=\"wp-block-image size-large\"><a href=\"https:\/\/klizackiklubvojvodina.rs\/wp-content\/uploads\/2022\/07\/Diploma.jpg\"><img loading=\"lazy\" decoding=\"async\" width=\"528\" height=\"960\" data-id=\"245\" src=\"https:\/\/klizackiklubvojvodina.rs\/wp-content\/uploads\/2022\/07\/Diploma.jpg\" alt=\"\" class=\"wp-image-245\"\/><\/a><\/figure>\n\n\n\n<figure class=\"wp-block-image size-large\"><a href=\"https:\/\/klizackiklubvojvodina.rs\/wp-content\/uploads\/2022\/07\/Skola-klizanja-5.jpg\"><img loading=\"lazy\" decoding=\"async\" width=\"1024\" height=\"1024\" data-id=\"243\" src=\"https:\/\/klizackiklubvojvodina.rs\/wp-content\/uploads\/2022\/07\/Skola-klizanja-5-1024x1024.jpg\" alt=\"\" class=\"wp-image-243\" srcset=\"https:\/\/klizackiklubvojvodina.rs\/wp-content\/uploads\/2022\/07\/Skola-klizanja-5-1024x1024.jpg 1024w, https:\/\/klizackiklubvojvodina.rs\/wp-content\/uploads\/2022\/07\/Skola-klizanja-5-300x300.jpg 300w, https:\/\/klizackiklubvojvodina.rs\/wp-content\/uploads\/2022\/07\/Skola-klizanja-5-150x150.jpg 150w, https:\/\/klizackiklubvojvodina.rs\/wp-content\/uploads\/2022\/07\/Skola-klizanja-5-768x768.jpg 768w\" sizes=\"auto, (max-width: 1024px) 100vw, 1024px\" \/><\/a><\/figure>\n\n\n\n<figure class=\"wp-block-image size-large\"><a href=\"https:\/\/klizackiklubvojvodina.rs\/wp-content\/uploads\/2022\/07\/Skola-klizanja-1.jpg\"><img loading=\"lazy\" decoding=\"async\" width=\"720\" height=\"960\" data-id=\"239\" src=\"https:\/\/klizackiklubvojvodina.rs\/wp-content\/uploads\/2022\/07\/Skola-klizanja-1.jpg\" alt=\"\" class=\"wp-image-239\"\/><\/a><\/figure>\n\n\n\n<figure class=\"wp-block-image size-large\"><a href=\"https:\/\/klizackiklubvojvodina.rs\/wp-content\/uploads\/2022\/07\/Skola-klizanja.jpg\"><img loading=\"lazy\" decoding=\"async\" width=\"1024\" height=\"1024\" data-id=\"246\" src=\"https:\/\/klizackiklubvojvodina.rs\/wp-content\/uploads\/2022\/07\/Skola-klizanja-1024x1024.jpg\" alt=\"\" class=\"wp-image-246\" srcset=\"https:\/\/klizackiklubvojvodina.rs\/wp-content\/uploads\/2022\/07\/Skola-klizanja-1024x1024.jpg 1024w, https:\/\/klizackiklubvojvodina.rs\/wp-content\/uploads\/2022\/07\/Skola-klizanja-300x300.jpg 300w, https:\/\/klizackiklubvojvodina.rs\/wp-content\/uploads\/2022\/07\/Skola-klizanja-150x150.jpg 150w, https:\/\/klizackiklubvojvodina.rs\/wp-content\/uploads\/2022\/07\/Skola-klizanja-768x768.jpg 768w\" sizes=\"auto, (max-width: 1024px) 100vw, 1024px\" \/><\/a><\/figure>\n\n\n\n<figure class=\"wp-block-image size-large\"><a href=\"https:\/\/klizackiklubvojvodina.rs\/wp-content\/uploads\/2022\/07\/Skola-klizanja-4.jpg\"><img loading=\"lazy\" decoding=\"async\" width=\"1024\" height=\"1024\" data-id=\"241\" src=\"https:\/\/klizackiklubvojvodina.rs\/wp-content\/uploads\/2022\/07\/Skola-klizanja-4-1024x1024.jpg\" alt=\"\" class=\"wp-image-241\" srcset=\"https:\/\/klizackiklubvojvodina.rs\/wp-content\/uploads\/2022\/07\/Skola-klizanja-4-1024x1024.jpg 1024w, https:\/\/klizackiklubvojvodina.rs\/wp-content\/uploads\/2022\/07\/Skola-klizanja-4-300x300.jpg 300w, https:\/\/klizackiklubvojvodina.rs\/wp-content\/uploads\/2022\/07\/Skola-klizanja-4-150x150.jpg 150w, https:\/\/klizackiklubvojvodina.rs\/wp-content\/uploads\/2022\/07\/Skola-klizanja-4-768x768.jpg 768w\" sizes=\"auto, (max-width: 1024px) 100vw, 1024px\" \/><\/a><\/figure>\n\n\n\n<figure class=\"wp-block-image size-large\"><a href=\"https:\/\/klizackiklubvojvodina.rs\/wp-content\/uploads\/2022\/07\/Skola-klizanja-6.jpg\"><img loading=\"lazy\" decoding=\"async\" width=\"1024\" height=\"1024\" data-id=\"247\" src=\"https:\/\/klizackiklubvojvodina.rs\/wp-content\/uploads\/2022\/07\/Skola-klizanja-6-1024x1024.jpg\" alt=\"\" class=\"wp-image-247\" srcset=\"https:\/\/klizackiklubvojvodina.rs\/wp-content\/uploads\/2022\/07\/Skola-klizanja-6-1024x1024.jpg 1024w, https:\/\/klizackiklubvojvodina.rs\/wp-content\/uploads\/2022\/07\/Skola-klizanja-6-300x300.jpg 300w, https:\/\/klizackiklubvojvodina.rs\/wp-content\/uploads\/2022\/07\/Skola-klizanja-6-150x150.jpg 150w, https:\/\/klizackiklubvojvodina.rs\/wp-content\/uploads\/2022\/07\/Skola-klizanja-6-768x768.jpg 768w\" sizes=\"auto, (max-width: 1024px) 100vw, 1024px\" \/><\/a><\/figure>\n\n\n\n<figure class=\"wp-block-image size-large\"><a href=\"https:\/\/klizackiklubvojvodina.rs\/wp-content\/uploads\/2022\/07\/Skola-klizanja-7.jpg\"><img loading=\"lazy\" decoding=\"async\" width=\"1024\" height=\"1024\" data-id=\"248\" src=\"https:\/\/klizackiklubvojvodina.rs\/wp-content\/uploads\/2022\/07\/Skola-klizanja-7-1024x1024.jpg\" alt=\"\" class=\"wp-image-248\" srcset=\"https:\/\/klizackiklubvojvodina.rs\/wp-content\/uploads\/2022\/07\/Skola-klizanja-7-1024x1024.jpg 1024w, https:\/\/klizackiklubvojvodina.rs\/wp-content\/uploads\/2022\/07\/Skola-klizanja-7-300x300.jpg 300w, https:\/\/klizackiklubvojvodina.rs\/wp-content\/uploads\/2022\/07\/Skola-klizanja-7-150x150.jpg 150w, https:\/\/klizackiklubvojvodina.rs\/wp-content\/uploads\/2022\/07\/Skola-klizanja-7-768x768.jpg 768w\" sizes=\"auto, (max-width: 1024px) 100vw, 1024px\" \/><\/a><\/figure>\n\n\n\n<figure class=\"wp-block-image size-large\"><a href=\"https:\/\/klizackiklubvojvodina.rs\/wp-content\/uploads\/2022\/07\/Skola-klizanja-8.jpg\"><img loading=\"lazy\" decoding=\"async\" width=\"1024\" height=\"1024\" data-id=\"242\" src=\"https:\/\/klizackiklubvojvodina.rs\/wp-content\/uploads\/2022\/07\/Skola-klizanja-8-1024x1024.jpg\" alt=\"\" class=\"wp-image-242\" srcset=\"https:\/\/klizackiklubvojvodina.rs\/wp-content\/uploads\/2022\/07\/Skola-klizanja-8-1024x1024.jpg 1024w, https:\/\/klizackiklubvojvodina.rs\/wp-content\/uploads\/2022\/07\/Skola-klizanja-8-300x300.jpg 300w, https:\/\/klizackiklubvojvodina.rs\/wp-content\/uploads\/2022\/07\/Skola-klizanja-8-150x150.jpg 150w, https:\/\/klizackiklubvojvodina.rs\/wp-content\/uploads\/2022\/07\/Skola-klizanja-8-768x768.jpg 768w\" sizes=\"auto, (max-width: 1024px) 100vw, 1024px\" \/><\/a><\/figure>\n<figcaption class=\"blocks-gallery-caption\">\u0160kola klizanja i umetni\u010dkog klizanja<\/figcaption><\/figure>\n","protected":false},"excerpt":{"rendered":"<p>\u201e\u0160KOLA KLIZANJA I UMETNI\u010cKOG KLIZANJA\u201c se ve\u0107 godinama organizuje u ledenoj hali JP SPC Vojvodina, Sutjeska 2, Novi Sad. TERMINI:&nbsp;&nbsp;&nbsp;&nbsp;&nbsp;&hellip;<\/p>\n","protected":false},"author":1,"featured_media":0,"parent":10,"menu_order":3,"comment_status":"closed","ping_status":"closed","template":"","meta":{"footnotes":""},"class_list":["post-66","page","type-page","status-publish","hentry"],"_links":{"self":[{"href":"https:\/\/klizackiklubvojvodina.rs\/index.php\/wp-json\/wp\/v2\/pages\/66","targetHints":{"allow":["GET"]}}],"collection":[{"href":"https:\/\/klizackiklubvojvodina.rs\/index.php\/wp-json\/wp\/v2\/pages"}],"about":[{"href":"https:\/\/klizackiklubvojvodina.rs\/index.php\/wp-json\/wp\/v2\/types\/page"}],"author":[{"embeddable":true,"href":"https:\/\/klizackiklubvojvodina.rs\/index.php\/wp-json\/wp\/v2\/users\/1"}],"replies":[{"embeddable":true,"href":"https:\/\/klizackiklubvojvodina.rs\/index.php\/wp-json\/wp\/v2\/comments?post=66"}],"version-history":[{"count":10,"href":"https:\/\/klizackiklubvojvodina.rs\/index.php\/wp-json\/wp\/v2\/pages\/66\/revisions"}],"predecessor-version":[{"id":277,"href":"https:\/\/klizackiklubvojvodina.rs\/index.php\/wp-json\/wp\/v2\/pages\/66\/revisions\/277"}],"up":[{"embeddable":true,"href":"https:\/\/klizackiklubvojvodina.rs\/index.php\/wp-json\/wp\/v2\/pages\/10"}],"wp:attachment":[{"href":"https:\/\/klizackiklubvojvodina.rs\/index.php\/wp-json\/wp\/v2\/media?parent=66"}],"curies":[{"name":"wp","href":"https:\/\/api.w.org\/{rel}","templated":true}]}}