{"id":8,"date":"2022-01-17T17:30:12","date_gmt":"2022-01-17T17:30:12","guid":{"rendered":"http:\/\/theidasworld.com\/kkv\/?page_id=8"},"modified":"2022-07-17T19:59:59","modified_gmt":"2022-07-17T19:59:59","slug":"dokumenti","status":"publish","type":"page","link":"https:\/\/klizackiklubvojvodina.rs\/index.php\/dokumenti\/","title":{"rendered":"Dokumenti"},"content":{"rendered":"\n<p><\/p>\n\n\n\n<p class=\"has-text-align-left\">Ovde mo\u017eete preuzeti slede\u0107e dokumente: <\/p>\n\n\n\n<div class=\"wp-block-group is-layout-flow wp-block-group-is-layout-flow\">\n<ul class=\"wp-block-list\"><li><a href=\"https:\/\/klizackiklubvojvodina.rs\/wp-content\/uploads\/2022\/04\/Odluka-UO-o-radnom-vremenu-blagajne.pdf\">Odluka UO o radnom vremenu blagajne<\/a><\/li><\/ul>\n\n\n\n<ul class=\"wp-block-list\"><li><a href=\"https:\/\/klizackiklubvojvodina.rs\/wp-content\/uploads\/2022\/05\/Odluka-UO-o-usvajanju-cenovnika.pdf\">Odluka UO o usvajanju cenovnika<\/a><\/li><\/ul>\n\n\n\n<ul class=\"wp-block-list\"><li><a rel=\"noreferrer noopener\" href=\"https:\/\/klizackiklubvojvodina.rs\/wp-content\/uploads\/2022\/01\/Klizacki-klub-Vojvodina-Statut-2017.pdf\" target=\"_blank\">STATUT KK \u201eVOJVODINA\u201c<\/a><\/li><\/ul>\n\n\n\n<ul class=\"wp-block-list\"><li><a href=\"https:\/\/klizackiklubvojvodina.rs\/wp-content\/uploads\/2022\/07\/Pravilnik-o-ponasanju-clanova-kluba-NOVO-30.06.2022..pdf\">Pravilnik o pona\u0161anju \u010dlanova kluba<\/a><\/li><\/ul>\n\n\n\n<ul class=\"wp-block-list\"><li><a href=\"https:\/\/klizackiklubvojvodina.rs\/wp-content\/uploads\/2022\/07\/Pravilnik-o-disciplinkom-postupku-NOVO-30.06.2022.pdf\">Pravilnik o disciplinkom postupku<\/a><\/li><\/ul>\n<\/div>\n\n\n\n<h4 class=\"has-text-align-center wp-block-heading\">Nau\u010dno-istra\u017eiva\u010dki rad:<\/h4>\n\n\n\n<ul class=\"wp-block-list\"><li><a rel=\"noreferrer noopener\" href=\"https:\/\/klizackiklubvojvodina.rs\/wp-content\/uploads\/2022\/01\/SKOLA-KLIZANJA-I-UMETNICKOG-KLIZANJA_compressed.pdf\" target=\"_blank\">\u0160KOLA KLIZANJA I UMETNI\u010cKOG KLIZANJA MOJA METODA<\/a><\/li><\/ul>\n\n\n\n<p><\/p>\n\n\n\n<p><\/p>\n\n\n\n<p><\/p>\n","protected":false},"excerpt":{"rendered":"<p>Ovde mo\u017eete preuzeti slede\u0107e dokumente: Odluka UO o radnom vremenu blagajne Odluka UO o usvajanju cenovnika STATUT KK \u201eVOJVODINA\u201c Pravilnik&hellip;<\/p>\n","protected":false},"author":1,"featured_media":0,"parent":0,"menu_order":2,"comment_status":"closed","ping_status":"closed","template":"","meta":{"footnotes":""},"class_list":["post-8","page","type-page","status-publish","hentry"],"_links":{"self":[{"href":"https:\/\/klizackiklubvojvodina.rs\/index.php\/wp-json\/wp\/v2\/pages\/8","targetHints":{"allow":["GET"]}}],"collection":[{"href":"https:\/\/klizackiklubvojvodina.rs\/index.php\/wp-json\/wp\/v2\/pages"}],"about":[{"href":"https:\/\/klizackiklubvojvodina.rs\/index.php\/wp-json\/wp\/v2\/types\/page"}],"author":[{"embeddable":true,"href":"https:\/\/klizackiklubvojvodina.rs\/index.php\/wp-json\/wp\/v2\/users\/1"}],"replies":[{"embeddable":true,"href":"https:\/\/klizackiklubvojvodina.rs\/index.php\/wp-json\/wp\/v2\/comments?post=8"}],"version-history":[{"count":18,"href":"https:\/\/klizackiklubvojvodina.rs\/index.php\/wp-json\/wp\/v2\/pages\/8\/revisions"}],"predecessor-version":[{"id":190,"href":"https:\/\/klizackiklubvojvodina.rs\/index.php\/wp-json\/wp\/v2\/pages\/8\/revisions\/190"}],"wp:attachment":[{"href":"https:\/\/klizackiklubvojvodina.rs\/index.php\/wp-json\/wp\/v2\/media?parent=8"}],"curies":[{"name":"wp","href":"https:\/\/api.w.org\/{rel}","templated":true}]}}